{"id":129,"date":"2011-11-30T14:01:38","date_gmt":"2011-11-30T14:01:38","guid":{"rendered":"http:\/\/beratergruppeintegra.wordpress.com\/?page_id=129"},"modified":"2012-04-15T15:48:49","modified_gmt":"2012-04-15T15:48:49","slug":"moderation","status":"publish","type":"page","link":"http:\/\/beratergruppeintegra.at\/?page_id=129","title":{"rendered":"Moderation"},"content":{"rendered":"<p><a href=\"http:\/\/beratergruppeintegra.at\/wp-content\/uploads\/2011\/11\/moderation_hand.jpg\"><img loading=\"lazy\" class=\"alignnone size-full wp-image-441\" title=\"moderation_hand\" src=\"http:\/\/beratergruppeintegra.at\/wp-content\/uploads\/2011\/11\/moderation_hand.jpg\" alt=\"\" width=\"640\" height=\"200\" srcset=\"http:\/\/beratergruppeintegra.at\/wp-content\/uploads\/2011\/11\/moderation_hand.jpg 640w, http:\/\/beratergruppeintegra.at\/wp-content\/uploads\/2011\/11\/moderation_hand-300x93.jpg 300w\" sizes=\"(max-width: 640px) 100vw, 640px\" \/><\/a>Wir unterst\u00fctzen durch Moderation Gruppen oder Teams ziel- und l\u00f6sungsorientiert an Aufgabenstellungen zu arbeiten. Verschiedene Methoden erm\u00f6glichen es, eigenverantwortlich Ziele zu erreichen bzw. Probleml\u00f6sungen zu finden.<\/p>\n<p><strong><br \/>\nModeration&#8230;<\/strong><\/p>\n<ul>\n<li>erm\u00f6glicht kreative L\u00f6sungen f\u00fcr die Aufgabenstellungen und Probleme Ihrer Organisation<\/li>\n<li>hilft, die Ideen und das Wissen Ihrer Mitarbeiter bei Entscheidungsfindungen optimal zu nutzen<\/li>\n<li>macht bei Teamsitzungen und auch gr\u00f6\u00dferen Veranstaltungen eine aktive Beteiligung aller Anwesenden m\u00f6glich<\/li>\n<li>unterst\u00fctzt die Konzeption und Ausarbeitung neuer Projekte<\/li>\n<li>stellt einen professionellen und effizienten Ablauf von Teambesprechungen, Klausuren und Tagungen sicher<\/li>\n<\/ul>\n","protected":false},"excerpt":{"rendered":"<p>Wir unterst\u00fctzen durch Moderation Gruppen oder Teams ziel- und l\u00f6sungsorientiert an Aufgabenstellungen zu arbeiten. Verschiedene Methoden erm\u00f6glichen es, eigenverantwortlich Ziele zu erreichen bzw. Probleml\u00f6sungen zu finden. Moderation&#8230; erm\u00f6glicht kreative L\u00f6sungen f\u00fcr die Aufgabenstellungen und Probleme Ihrer Organisation hilft, die Ideen &hellip; <a href=\"http:\/\/beratergruppeintegra.at\/?page_id=129\">Weiterlesen <span class=\"meta-nav\">&rarr;<\/span><\/a><\/p>\n","protected":false},"author":1,"featured_media":0,"parent":120,"menu_order":23,"comment_status":"closed","ping_status":"closed","template":"","meta":[],"_links":{"self":[{"href":"http:\/\/beratergruppeintegra.at\/index.php?rest_route=\/wp\/v2\/pages\/129"}],"collection":[{"href":"http:\/\/beratergruppeintegra.at\/index.php?rest_route=\/wp\/v2\/pages"}],"about":[{"href":"http:\/\/beratergruppeintegra.at\/index.php?rest_route=\/wp\/v2\/types\/page"}],"author":[{"embeddable":true,"href":"http:\/\/beratergruppeintegra.at\/index.php?rest_route=\/wp\/v2\/users\/1"}],"replies":[{"embeddable":true,"href":"http:\/\/beratergruppeintegra.at\/index.php?rest_route=%2Fwp%2Fv2%2Fcomments&post=129"}],"version-history":[{"count":10,"href":"http:\/\/beratergruppeintegra.at\/index.php?rest_route=\/wp\/v2\/pages\/129\/revisions"}],"predecessor-version":[{"id":443,"href":"http:\/\/beratergruppeintegra.at\/index.php?rest_route=\/wp\/v2\/pages\/129\/revisions\/443"}],"up":[{"embeddable":true,"href":"http:\/\/beratergruppeintegra.at\/index.php?rest_route=\/wp\/v2\/pages\/120"}],"wp:attachment":[{"href":"http:\/\/beratergruppeintegra.at\/index.php?rest_route=%2Fwp%2Fv2%2Fmedia&parent=129"}],"curies":[{"name":"wp","href":"https:\/\/api.w.org\/{rel}","templated":true}]}}