{"id":131,"date":"2011-11-30T14:06:29","date_gmt":"2011-11-30T14:06:29","guid":{"rendered":"http:\/\/beratergruppeintegra.wordpress.com\/?page_id=131"},"modified":"2012-11-21T15:57:01","modified_gmt":"2012-11-21T15:57:01","slug":"trainings-und-seminare","status":"publish","type":"page","link":"http:\/\/beratergruppeintegra.at\/?page_id=131","title":{"rendered":"Trainings und Seminare"},"content":{"rendered":"<p><a href=\"http:\/\/waaijenberg.li\/integra\/wp-content\/uploads\/2011\/11\/seminar.jpg\"><img loading=\"lazy\" class=\"alignnone size-full wp-image-374\" title=\"seminar\" src=\"http:\/\/waaijenberg.li\/integra\/wp-content\/uploads\/2011\/11\/seminar.jpg\" alt=\"\" width=\"640\" height=\"200\" srcset=\"http:\/\/beratergruppeintegra.at\/wp-content\/uploads\/2011\/11\/seminar.jpg 640w, http:\/\/beratergruppeintegra.at\/wp-content\/uploads\/2011\/11\/seminar-300x93.jpg 300w\" sizes=\"(max-width: 640px) 100vw, 640px\" \/><\/a>Unsere Trainings und Seminare stellen eine optimale Verbindung von Theorie und Praxis her. Wir unterst\u00fctzen Sie bei der Umsetzung des Gelernten in den Berufsalltag.<br \/>\nWir bieten zu folgenden Themenbereichen TRAININGS UND SEMINARE an:<br \/>\nDie konkreten Ziele und Inhalte, sowie die Seminardauer legen wir entsprechend Ihren Bed\u00fcrfnissen gemeinsam mit Ihnen fest.<\/p>\n<p><strong>Kommunikation, z.B.:<\/strong><\/p>\n<p style=\"padding-left: 30px;\">Wie leite ich Besprechungen?<br \/>\nK\u00f6rpersprache<br \/>\nEntwicklung einer Feedback-Kultur<\/p>\n<p><strong>Konflikt, z.B.:<\/strong><\/p>\n<p style=\"padding-left: 30px;\">Konstruktive Konfliktl\u00f6sung<br \/>\nInterventionsmodelle<\/p>\n<p><strong>Psychohygiene, z.B.:<\/strong><\/p>\n<p style=\"padding-left: 30px;\">Abgrenzen und Durchsetzen<br \/>\nBurn-Out Prophylaxe<\/p>\n<p><strong>Selbsterfahrung, z.B.:<\/strong><\/p>\n<p style=\"padding-left: 30px;\">Meine St\u00e4rken erkennen und gezielt einsetzen<br \/>\n\u00c4lter werden im Beruf<\/p>\n<p><strong>Kreative Trainings, z.B.:<\/strong><\/p>\n<p style=\"padding-left: 30px;\">Forum-Theater<br \/>\nMeine sch\u00f6pferische Kraft<br \/>\nKraft durch Schmieden &#8211; <a href=\"http:\/\/beratergruppeintegra.at\/wp-content\/uploads\/2012\/10\/Folder-Schmiedecoaching.pdf\">mehr<\/a><\/p>\n<p><strong>Teamarbeit, z.B.:<\/strong><\/p>\n<p style=\"padding-left: 30px;\">Kooperationsstrategien<br \/>\nReTeaming<\/p>\n<p><strong>Selbstmanagement, z.B.:<\/strong><\/p>\n<p style=\"padding-left: 30px;\">Arbeits- und Zeitmanagement<br \/>\nTrainings f\u00fcr F\u00fchrungskr\u00e4fte<\/p>\n","protected":false},"excerpt":{"rendered":"<p>Unsere Trainings und Seminare stellen eine optimale Verbindung von Theorie und Praxis her. Wir unterst\u00fctzen Sie bei der Umsetzung des Gelernten in den Berufsalltag. Wir bieten zu folgenden Themenbereichen TRAININGS UND SEMINARE an: Die konkreten Ziele und Inhalte, sowie die &hellip; <a href=\"http:\/\/beratergruppeintegra.at\/?page_id=131\">Weiterlesen <span class=\"meta-nav\">&rarr;<\/span><\/a><\/p>\n","protected":false},"author":1,"featured_media":0,"parent":120,"menu_order":27,"comment_status":"closed","ping_status":"closed","template":"","meta":[],"_links":{"self":[{"href":"http:\/\/beratergruppeintegra.at\/index.php?rest_route=\/wp\/v2\/pages\/131"}],"collection":[{"href":"http:\/\/beratergruppeintegra.at\/index.php?rest_route=\/wp\/v2\/pages"}],"about":[{"href":"http:\/\/beratergruppeintegra.at\/index.php?rest_route=\/wp\/v2\/types\/page"}],"author":[{"embeddable":true,"href":"http:\/\/beratergruppeintegra.at\/index.php?rest_route=\/wp\/v2\/users\/1"}],"replies":[{"embeddable":true,"href":"http:\/\/beratergruppeintegra.at\/index.php?rest_route=%2Fwp%2Fv2%2Fcomments&post=131"}],"version-history":[{"count":6,"href":"http:\/\/beratergruppeintegra.at\/index.php?rest_route=\/wp\/v2\/pages\/131\/revisions"}],"predecessor-version":[{"id":724,"href":"http:\/\/beratergruppeintegra.at\/index.php?rest_route=\/wp\/v2\/pages\/131\/revisions\/724"}],"up":[{"embeddable":true,"href":"http:\/\/beratergruppeintegra.at\/index.php?rest_route=\/wp\/v2\/pages\/120"}],"wp:attachment":[{"href":"http:\/\/beratergruppeintegra.at\/index.php?rest_route=%2Fwp%2Fv2%2Fmedia&parent=131"}],"curies":[{"name":"wp","href":"https:\/\/api.w.org\/{rel}","templated":true}]}}