{"id":164,"date":"2011-11-30T15:04:46","date_gmt":"2011-11-30T15:04:46","guid":{"rendered":"http:\/\/beratergruppeintegra.wordpress.com\/?page_id=164"},"modified":"2018-09-14T14:02:48","modified_gmt":"2018-09-14T14:02:48","slug":"164-2","status":"publish","type":"page","link":"http:\/\/beratergruppeintegra.at\/?page_id=164","title":{"rendered":"Gerhard Prieler"},"content":{"rendered":"<p><strong><a href=\"http:\/\/beratergruppeintegra.at\/wp-content\/uploads\/2011\/11\/prieler.gerhard.07.1.jpg\"><img loading=\"lazy\" class=\"alignleft size-medium wp-image-866\" title=\"prieler.gerhard.07.1\" src=\"http:\/\/beratergruppeintegra.at\/wp-content\/uploads\/2011\/11\/prieler.gerhard.07.1-199x300.jpg\" alt=\"\" width=\"199\" height=\"300\" srcset=\"http:\/\/beratergruppeintegra.at\/wp-content\/uploads\/2011\/11\/prieler.gerhard.07.1-199x300.jpg 199w, http:\/\/beratergruppeintegra.at\/wp-content\/uploads\/2011\/11\/prieler.gerhard.07.1-682x1024.jpg 682w\" sizes=\"(max-width: 199px) 100vw, 199px\" \/><\/a>Mag. Gerhard Prieler<\/strong> (*1956)<br \/>\nWeesestrasse 3<br \/>\n4060 Leonding<\/p>\n<p>Mail: gerhardprieler@hotmail.com<br \/>\nTel: 0732\/67 89 89<br \/>\nMobil: 0676\/789 58 69<\/p>\n<p>&nbsp;<\/p>\n<p>&nbsp;<\/p>\n<p>&nbsp;<\/p>\n<p><strong>Ausbildungen<br \/>\n<\/strong>Integrative Gestalt-Supervision (\u00d6VS)\u00a0 \u00a0 \u00a0 \u00a0 \u00a0 \u00a0 \u00a0 \u00a0 \u00a0 \u00a0 \u00a0 \u00a0 \u00a0 \u00a0 \u00a0 \u00a0 \u00a0 \u00a0 \u00a0 \u00a0 \u00a0 \u00a0 \u00a0 \u00a0 \u00a0 \u00a0 \u00a0 \u00a0 \u00a0 \u00a0 \u00a0 \u00a0 \u00a0 \u00a0 \u00a0 \u00a0 \u00a0 zertifizierter ReTeaming Coach\u00a0 \u00a0 \u00a0 \u00a0 \u00a0 \u00a0 \u00a0 \u00a0 \u00a0 \u00a0 \u00a0 \u00a0 \u00a0 \u00a0 \u00a0 \u00a0 \u00a0 \u00a0 \u00a0 \u00a0 \u00a0 \u00a0 \u00a0 \u00a0 \u00a0 \u00a0 \u00a0 \u00a0 \u00a0 \u00a0 \u00a0 \u00a0 \u00a0 \u00a0 \u00a0 \u00a0 \u00a0 \u00a0 \u00a0 \u00a0 \u00a0 \u00a0 \u00a0 \u00a0 \u00a0Leadership Academy<br \/>\nStudium der P\u00e4dagogik und Gruppendynamik<br \/>\nJugendleiter- und Pastoralassistentenausbildung<br \/>\nFortbildung in Coaching und Organisationsentwicklung<\/p>\n<p><strong>Berufliche Hintergr\u00fcnde<\/strong><br \/>\nBereichsleiter am Institut f\u00fcr Fort- und Weiterbildung an der P\u00e4dagogischen Hochschule der Di\u00f6zese Linz<br \/>\nErwachsenenbildung<br \/>\nau\u00dferschulische Jugendarbeit<br \/>\nLeitung einer Jugendleiter-Ausbildung<\/p>\n<p><strong>Schwerpunkte in den Angeboten<\/strong><br \/>\nSupervision im Sozial- und Gesundheitsbereich sowie in p\u00e4dagogischen\u00a0und pastoralen Feldern<br \/>\nCoaching f\u00fcr F\u00fchrungskr\u00e4fte<br \/>\nKarriere-Coaching<br \/>\nLehrsupervisionen<br \/>\nLeitung von Seminaren<br \/>\nModerationen und Klausurbegleitung<\/p>\n","protected":false},"excerpt":{"rendered":"<p>Mag. Gerhard Prieler (*1956) Weesestrasse 3 4060 Leonding Mail: gerhardprieler@hotmail.com Tel: 0732\/67 89 89 Mobil: 0676\/789 58 69 &nbsp; &nbsp; &nbsp; Ausbildungen Integrative Gestalt-Supervision (\u00d6VS)\u00a0 \u00a0 \u00a0 \u00a0 \u00a0 \u00a0 \u00a0 \u00a0 \u00a0 \u00a0 \u00a0 \u00a0 \u00a0 \u00a0 \u00a0 \u00a0 &hellip; <a href=\"http:\/\/beratergruppeintegra.at\/?page_id=164\">Weiterlesen <span class=\"meta-nav\">&rarr;<\/span><\/a><\/p>\n","protected":false},"author":1,"featured_media":0,"parent":24,"menu_order":12,"comment_status":"closed","ping_status":"closed","template":"","meta":[],"_links":{"self":[{"href":"http:\/\/beratergruppeintegra.at\/index.php?rest_route=\/wp\/v2\/pages\/164"}],"collection":[{"href":"http:\/\/beratergruppeintegra.at\/index.php?rest_route=\/wp\/v2\/pages"}],"about":[{"href":"http:\/\/beratergruppeintegra.at\/index.php?rest_route=\/wp\/v2\/types\/page"}],"author":[{"embeddable":true,"href":"http:\/\/beratergruppeintegra.at\/index.php?rest_route=\/wp\/v2\/users\/1"}],"replies":[{"embeddable":true,"href":"http:\/\/beratergruppeintegra.at\/index.php?rest_route=%2Fwp%2Fv2%2Fcomments&post=164"}],"version-history":[{"count":20,"href":"http:\/\/beratergruppeintegra.at\/index.php?rest_route=\/wp\/v2\/pages\/164\/revisions"}],"predecessor-version":[{"id":265,"href":"http:\/\/beratergruppeintegra.at\/index.php?rest_route=\/wp\/v2\/pages\/164\/revisions\/265"}],"up":[{"embeddable":true,"href":"http:\/\/beratergruppeintegra.at\/index.php?rest_route=\/wp\/v2\/pages\/24"}],"wp:attachment":[{"href":"http:\/\/beratergruppeintegra.at\/index.php?rest_route=%2Fwp%2Fv2%2Fmedia&parent=164"}],"curies":[{"name":"wp","href":"https:\/\/api.w.org\/{rel}","templated":true}]}}