{"id":169,"date":"2011-11-30T15:08:14","date_gmt":"2011-11-30T15:08:14","guid":{"rendered":"http:\/\/beratergruppeintegra.wordpress.com\/?page_id=169"},"modified":"2024-11-27T10:59:48","modified_gmt":"2024-11-27T10:59:48","slug":"eva-hollrigl","status":"publish","type":"page","link":"http:\/\/beratergruppeintegra.at\/?page_id=169","title":{"rendered":"Eva H\u00f6llrigl"},"content":{"rendered":"<p><strong><a href=\"http:\/\/waaijenberg.li\/integra\/wp-content\/uploads\/2011\/11\/MG_5509.jpg\"><img loading=\"lazy\" class=\"alignleft  wp-image-1081\" src=\"http:\/\/beratergruppeintegra.at\/wp-content\/uploads\/2024\/11\/Passfoto-Eva.jpeg\" alt=\"\" width=\"193\" height=\"193\" srcset=\"http:\/\/beratergruppeintegra.at\/wp-content\/uploads\/2024\/11\/Passfoto-Eva.jpeg 512w, http:\/\/beratergruppeintegra.at\/wp-content\/uploads\/2024\/11\/Passfoto-Eva-300x300.jpeg 300w, http:\/\/beratergruppeintegra.at\/wp-content\/uploads\/2024\/11\/Passfoto-Eva-150x150.jpeg 150w\" sizes=\"(max-width: 193px) 100vw, 193px\" \/><\/a><\/strong><\/p>\n<p><strong>Eva H\u00f6llrigl MSc\u00a0<\/strong>(*1963)<\/p>\n<p>Holzstra\u00dfe 15\/16<br \/>\n4020 Linz<\/p>\n<p>Mail: <a href=\"mailto: hoellrigl@mail.com\">hoellrigl@mail.com<br \/>\n<\/a> Tel: +43 (0) 699 \/ 17 39 39 17<\/p>\n<p><strong>Ausbildungen<\/strong><br \/>\n<span style=\"line-height: 24px;\">Integrative Gestalt-Supervision (\u00d6VS)<br \/>\n<\/span>Ergotherapeutin<br \/>\nFortbildung in Coaching und Organisationsentwicklung<\/p>\n<p><strong>Berufliche Hintergr\u00fcnde<\/strong><br \/>\nLeiterin des Fachbereichs Selbst- und Sozialkompetenz an der FH Gesundheitsberufe O\u00d6<br \/>\nBeraterin im Zentrum f\u00fcr Entwicklung und Beratung der O\u00d6 Gesundheitsholding (ZEB)<br \/>\nLehrtherapeutin an der Akademie f\u00fcr Ergotherapie Linz<br \/>\n<span style=\"line-height: 24px;\">Leitung einer ergotherapeutischen Abteilung<br \/>\n<\/span><span style=\"line-height: 24px;\">Er<\/span><span style=\"line-height: 24px;\">gotherapeutin im Suchtbereich und in der Psychiatrie<\/span><\/p>\n<p><strong>Schwerpunkte in den Angeboten<\/strong><br \/>\nSupervision f\u00fcr MitarbeiterInnen in psychosozialen, pastoralen sowie Gesundheitsberufen<br \/>\nCoaching f\u00fcr F\u00fchrungskr\u00e4fte<br \/>\nSeminare (Kommunikation und Gespr\u00e4chsf\u00fchrung, Konfliktmanagement, Psychohygiene)<br \/>\nKlausurbegleitung<br \/>\nModeration<\/p>\n","protected":false},"excerpt":{"rendered":"<p>Eva H\u00f6llrigl MSc\u00a0(*1963) Holzstra\u00dfe 15\/16 4020 Linz Mail: hoellrigl@mail.com Tel: +43 (0) 699 \/ 17 39 39 17 Ausbildungen Integrative Gestalt-Supervision (\u00d6VS) Ergotherapeutin Fortbildung in Coaching und Organisationsentwicklung Berufliche Hintergr\u00fcnde Leiterin des Fachbereichs Selbst- und Sozialkompetenz an der FH Gesundheitsberufe &hellip; <a href=\"http:\/\/beratergruppeintegra.at\/?page_id=169\">Weiterlesen <span class=\"meta-nav\">&rarr;<\/span><\/a><\/p>\n","protected":false},"author":1,"featured_media":0,"parent":24,"menu_order":11,"comment_status":"closed","ping_status":"closed","template":"","meta":[],"_links":{"self":[{"href":"http:\/\/beratergruppeintegra.at\/index.php?rest_route=\/wp\/v2\/pages\/169"}],"collection":[{"href":"http:\/\/beratergruppeintegra.at\/index.php?rest_route=\/wp\/v2\/pages"}],"about":[{"href":"http:\/\/beratergruppeintegra.at\/index.php?rest_route=\/wp\/v2\/types\/page"}],"author":[{"embeddable":true,"href":"http:\/\/beratergruppeintegra.at\/index.php?rest_route=\/wp\/v2\/users\/1"}],"replies":[{"embeddable":true,"href":"http:\/\/beratergruppeintegra.at\/index.php?rest_route=%2Fwp%2Fv2%2Fcomments&post=169"}],"version-history":[{"count":15,"href":"http:\/\/beratergruppeintegra.at\/index.php?rest_route=\/wp\/v2\/pages\/169\/revisions"}],"predecessor-version":[{"id":1085,"href":"http:\/\/beratergruppeintegra.at\/index.php?rest_route=\/wp\/v2\/pages\/169\/revisions\/1085"}],"up":[{"embeddable":true,"href":"http:\/\/beratergruppeintegra.at\/index.php?rest_route=\/wp\/v2\/pages\/24"}],"wp:attachment":[{"href":"http:\/\/beratergruppeintegra.at\/index.php?rest_route=%2Fwp%2Fv2%2Fmedia&parent=169"}],"curies":[{"name":"wp","href":"https:\/\/api.w.org\/{rel}","templated":true}]}}