{"id":420,"date":"2012-03-15T11:11:29","date_gmt":"2012-03-15T11:11:29","guid":{"rendered":"http:\/\/beratergruppeintegra.at\/?page_id=420"},"modified":"2015-04-27T09:37:02","modified_gmt":"2015-04-27T09:37:02","slug":"gesundheitsbereich","status":"publish","type":"page","link":"http:\/\/beratergruppeintegra.at\/?page_id=420","title":{"rendered":"Gesundheitsbereich"},"content":{"rendered":"<p><strong>Diakoniewerk<\/strong><\/p>\n<ul>\n<li>Krankenhaus Linz<\/li>\n<li>Krankenhaus Salzburg<\/li>\n<\/ul>\n<p><strong>Forensisches Zentrum Asten<\/strong><\/p>\n<p><strong>Gespag &#8211; Krankenh\u00e4user O\u00d6.<\/strong><\/p>\n<ul>\n<li>LNK Wagner-Jauregg Linz<\/li>\n<li>LKH Steyr<\/li>\n<li>LKH Enns<\/li>\n<li>LKH V\u00f6cklabruck<\/li>\n<li>LKH Gmunden<\/li>\n<li>LKH Freistadt<\/li>\n<li>LKH Sch\u00e4rding<\/li>\n<li>LKH Rohrbach<\/li>\n<li>LFKK Linz<\/li>\n<\/ul>\n<p><strong>Krankenhaus der Barmherzigen Br\u00fcder Linz<\/strong><\/p>\n<ul>\n<li>Institut f\u00fcr Sinnes- und Sprachneurologie<\/li>\n<li>Lebenswelt Schenkenfelden<\/li>\n<\/ul>\n<p><strong>Klinikum Wels-Grieskirchen<\/strong><\/p>\n<p><strong>Logop\u00e4discher Dienst des Landes O\u00d6.<\/strong><\/p>\n","protected":false},"excerpt":{"rendered":"<p>Diakoniewerk Krankenhaus Linz Krankenhaus Salzburg Forensisches Zentrum Asten Gespag &#8211; Krankenh\u00e4user O\u00d6. LNK Wagner-Jauregg Linz LKH Steyr LKH Enns LKH V\u00f6cklabruck LKH Gmunden LKH Freistadt LKH Sch\u00e4rding LKH Rohrbach LFKK Linz Krankenhaus der Barmherzigen Br\u00fcder Linz Institut f\u00fcr Sinnes- und &hellip; <a href=\"http:\/\/beratergruppeintegra.at\/?page_id=420\">Weiterlesen <span class=\"meta-nav\">&rarr;<\/span><\/a><\/p>\n","protected":false},"author":1,"featured_media":0,"parent":105,"menu_order":62,"comment_status":"closed","ping_status":"closed","template":"","meta":[],"_links":{"self":[{"href":"http:\/\/beratergruppeintegra.at\/index.php?rest_route=\/wp\/v2\/pages\/420"}],"collection":[{"href":"http:\/\/beratergruppeintegra.at\/index.php?rest_route=\/wp\/v2\/pages"}],"about":[{"href":"http:\/\/beratergruppeintegra.at\/index.php?rest_route=\/wp\/v2\/types\/page"}],"author":[{"embeddable":true,"href":"http:\/\/beratergruppeintegra.at\/index.php?rest_route=\/wp\/v2\/users\/1"}],"replies":[{"embeddable":true,"href":"http:\/\/beratergruppeintegra.at\/index.php?rest_route=%2Fwp%2Fv2%2Fcomments&post=420"}],"version-history":[{"count":10,"href":"http:\/\/beratergruppeintegra.at\/index.php?rest_route=\/wp\/v2\/pages\/420\/revisions"}],"predecessor-version":[{"id":853,"href":"http:\/\/beratergruppeintegra.at\/index.php?rest_route=\/wp\/v2\/pages\/420\/revisions\/853"}],"up":[{"embeddable":true,"href":"http:\/\/beratergruppeintegra.at\/index.php?rest_route=\/wp\/v2\/pages\/105"}],"wp:attachment":[{"href":"http:\/\/beratergruppeintegra.at\/index.php?rest_route=%2Fwp%2Fv2%2Fmedia&parent=420"}],"curies":[{"name":"wp","href":"https:\/\/api.w.org\/{rel}","templated":true}]}}