{"id":464,"date":"2012-04-18T18:36:01","date_gmt":"2012-04-18T18:36:01","guid":{"rendered":"http:\/\/beratergruppeintegra.at\/?page_id=464"},"modified":"2015-04-27T09:39:04","modified_gmt":"2015-04-27T09:39:04","slug":"menschen-mit-beeintrachtigungen","status":"publish","type":"page","link":"http:\/\/beratergruppeintegra.at\/?page_id=464","title":{"rendered":"Menschen mit Beeintr\u00e4chtigungen"},"content":{"rendered":"<p><strong>Assista<br \/>\n<\/strong><\/p>\n<p><strong>Caritas f\u00fcr Menschen mit Behinderung<\/strong><\/p>\n<ul>\n<li>St. Isidor<\/li>\n<li>St. Elisabeth<\/li>\n<li>St. Pius<\/li>\n<li>Zentrum f\u00fcr H\u00f6r- und Sehbildung<\/li>\n<li>Invita<\/li>\n<li>Technik-Center f\u00fcr Menschen mit Beeintr\u00e4chtigungen (TCMB)<\/li>\n<li>Blindenwerkst\u00e4tte\u00a0 (Elesin)<\/li>\n<\/ul>\n<p><strong>Evangelisches Diakoniewerk<\/strong><\/p>\n<ul>\n<li>Wohngruppe Martinsstift<\/li>\n<li>Wohngruppe Gaisbacherstra\u00dfe<strong><\/strong><\/li>\n<li>Wohngruppe 1 und 2 Emmaus<\/li>\n<\/ul>\n<p><strong>Institut f\u00fcr Sinnes- und Sprachneurologie<\/strong><\/p>\n<p><strong>Landespflege- und Betreuungszentrum Schloss Gschwendt<\/strong><\/p>\n<ul>\n<li>Schloss Gschwendt<\/li>\n<\/ul>\n<p><strong>Lebenshilfe O\u00d6.\u00a0<\/strong><\/p>\n<ul>\n<li>Wohnhaus Hofkirchen<\/li>\n<li>Wohnhaus St. Georgen\/Gusen<\/li>\n<\/ul>\n<p><strong>Promente O\u00d6<\/strong><\/p>\n<ul>\n<li>Wachtbergerhof<\/li>\n<\/ul>\n<p><strong>Verein Selbstbestimmt-Leben-Initiative<\/strong><\/p>\n","protected":false},"excerpt":{"rendered":"<p>Assista Caritas f\u00fcr Menschen mit Behinderung St. Isidor St. Elisabeth St. Pius Zentrum f\u00fcr H\u00f6r- und Sehbildung Invita Technik-Center f\u00fcr Menschen mit Beeintr\u00e4chtigungen (TCMB) Blindenwerkst\u00e4tte\u00a0 (Elesin) Evangelisches Diakoniewerk Wohngruppe Martinsstift Wohngruppe Gaisbacherstra\u00dfe Wohngruppe 1 und 2 Emmaus Institut f\u00fcr Sinnes- &hellip; <a href=\"http:\/\/beratergruppeintegra.at\/?page_id=464\">Weiterlesen <span class=\"meta-nav\">&rarr;<\/span><\/a><\/p>\n","protected":false},"author":1,"featured_media":0,"parent":105,"menu_order":63,"comment_status":"closed","ping_status":"closed","template":"","meta":[],"_links":{"self":[{"href":"http:\/\/beratergruppeintegra.at\/index.php?rest_route=\/wp\/v2\/pages\/464"}],"collection":[{"href":"http:\/\/beratergruppeintegra.at\/index.php?rest_route=\/wp\/v2\/pages"}],"about":[{"href":"http:\/\/beratergruppeintegra.at\/index.php?rest_route=\/wp\/v2\/types\/page"}],"author":[{"embeddable":true,"href":"http:\/\/beratergruppeintegra.at\/index.php?rest_route=\/wp\/v2\/users\/1"}],"replies":[{"embeddable":true,"href":"http:\/\/beratergruppeintegra.at\/index.php?rest_route=%2Fwp%2Fv2%2Fcomments&post=464"}],"version-history":[{"count":15,"href":"http:\/\/beratergruppeintegra.at\/index.php?rest_route=\/wp\/v2\/pages\/464\/revisions"}],"predecessor-version":[{"id":487,"href":"http:\/\/beratergruppeintegra.at\/index.php?rest_route=\/wp\/v2\/pages\/464\/revisions\/487"}],"up":[{"embeddable":true,"href":"http:\/\/beratergruppeintegra.at\/index.php?rest_route=\/wp\/v2\/pages\/105"}],"wp:attachment":[{"href":"http:\/\/beratergruppeintegra.at\/index.php?rest_route=%2Fwp%2Fv2%2Fmedia&parent=464"}],"curies":[{"name":"wp","href":"https:\/\/api.w.org\/{rel}","templated":true}]}}